{"id":191,"date":"2018-08-13T15:59:07","date_gmt":"2018-08-13T13:59:07","guid":{"rendered":"https:\/\/www.cantieribiasin.it\/anlegeplatze\/"},"modified":"2018-08-13T15:59:07","modified_gmt":"2018-08-13T13:59:07","slug":"anlegeplatze","status":"publish","type":"page","link":"https:\/\/www.cantieribiasin.it\/de\/anlegeplatze\/","title":{"rendered":"Anlegepl\u00e4tze"},"content":{"rendered":"<p>[vc_row row_type=&#8220;row&#8220; use_row_as_full_screen_section=&#8220;no&#8220; type=&#8220;grid&#8220; text_align=&#8220;left&#8220; background_animation=&#8220;none&#8220; padding_top=&#8220;40&#8243; padding_bottom=&#8220;40&#8243; css_animation=&#8220;&#8220;][vc_column width=&#8220;1\/2&#8243;][vc_column_text]<\/p>\n<h3> Lagunenseite: <\/h3>\n<p> Anlegepl\u00e4tze f\u00fcr Boote ab 7 Meter.<br \/>\nDer Anlegeplatz ist unbeaufsichtigt und unterliegt den \u00d6ffnungszeiten der Werft.[\/vc_column_text][vc_empty_space height=&#8220;30px&#8220;][vc_column_text]<\/p>\n<h3> Kanalseite: <\/h3>\n<p>Der Anlegeplatz ist f\u00fcr unsere Kunden reserviert, die einen Platz in der Werft angemietet haben.[\/vc_column_text][vc_empty_space height=&#8220;30px&#8220;][\/vc_column][vc_column width=&#8220;1\/2&#8243;][vc_single_image image=&#8220;78&#8243; img_size=&#8220;540&#215;316&#8243; alignment=&#8220;center&#8220; qode_css_animation=&#8220;&#8220;][\/vc_column][\/vc_row][vc_row row_type=&#8220;row&#8220; use_row_as_full_screen_section=&#8220;no&#8220; type=&#8220;grid&#8220; text_align=&#8220;left&#8220; background_color=&#8220;#e8e8e8&#8243; background_animation=&#8220;none&#8220; padding_top=&#8220;40&#8243; padding_bottom=&#8220;40&#8243; css_animation=&#8220;&#8220;][vc_column][vc_gallery type=&#8220;image_grid&#8220; images=&#8220;75,78,80,84,70&#8243; img_size=&#8220;300&#215;200&#8243; onclick=&#8220;img_link_large&#8220; column_number=&#8220;5&#8243; grayscale=&#8220;no&#8220; space_between_images=&#8220;yes&#8220;][\/vc_column][\/vc_row]<\/p>\n","protected":false},"excerpt":{"rendered":"<p>[vc_row row_type=&#8220;row&#8220; use_row_as_full_screen_section=&#8220;no&#8220; type=&#8220;grid&#8220; text_align=&#8220;left&#8220; background_animation=&#8220;none&#8220; padding_top=&#8220;40&#8243; padding_bottom=&#8220;40&#8243; css_animation=&#8220;&#8220;][vc_column width=&#8220;1\/2&#8243;][vc_column_text] Lagunenseite: Anlegepl\u00e4tze f\u00fcr Boote ab 7 Meter. Der Anlegeplatz ist unbeaufsichtigt und unterliegt den \u00d6ffnungszeiten der Werft.[\/vc_column_text][vc_empty_space height=&#8220;30px&#8220;][vc_column_text] Kanalseite: Der Anlegeplatz ist f\u00fcr unsere Kunden reserviert, die einen Platz in der Werft angemietet haben.[\/vc_column_text][vc_empty_space height=&#8220;30px&#8220;][\/vc_column][vc_column&#8230;<\/p>\n","protected":false},"author":1,"featured_media":0,"parent":0,"menu_order":0,"comment_status":"closed","ping_status":"closed","template":"full_width.php","meta":[],"aioseo_notices":[],"_links":{"self":[{"href":"https:\/\/www.cantieribiasin.it\/de\/wp-json\/wp\/v2\/pages\/191"}],"collection":[{"href":"https:\/\/www.cantieribiasin.it\/de\/wp-json\/wp\/v2\/pages"}],"about":[{"href":"https:\/\/www.cantieribiasin.it\/de\/wp-json\/wp\/v2\/types\/page"}],"author":[{"embeddable":true,"href":"https:\/\/www.cantieribiasin.it\/de\/wp-json\/wp\/v2\/users\/1"}],"replies":[{"embeddable":true,"href":"https:\/\/www.cantieribiasin.it\/de\/wp-json\/wp\/v2\/comments?post=191"}],"version-history":[{"count":1,"href":"https:\/\/www.cantieribiasin.it\/de\/wp-json\/wp\/v2\/pages\/191\/revisions"}],"predecessor-version":[{"id":192,"href":"https:\/\/www.cantieribiasin.it\/de\/wp-json\/wp\/v2\/pages\/191\/revisions\/192"}],"wp:attachment":[{"href":"https:\/\/www.cantieribiasin.it\/de\/wp-json\/wp\/v2\/media?parent=191"}],"curies":[{"name":"wp","href":"https:\/\/api.w.org\/{rel}","templated":true}]}}