{"id":197,"date":"2018-08-13T16:00:31","date_gmt":"2018-08-13T14:00:31","guid":{"rendered":"https:\/\/www.cantieribiasin.it\/lagerplatze\/"},"modified":"2018-08-13T16:00:32","modified_gmt":"2018-08-13T14:00:32","slug":"lagerplatze","status":"publish","type":"page","link":"https:\/\/www.cantieribiasin.it\/de\/lagerplatze\/","title":{"rendered":"Lagerpl\u00e4tze"},"content":{"rendered":"<p>[vc_row row_type=&#8220;row&#8220; use_row_as_full_screen_section=&#8220;no&#8220; type=&#8220;grid&#8220; text_align=&#8220;left&#8220; background_animation=&#8220;none&#8220; padding_top=&#8220;40&#8243; padding_bottom=&#8220;40&#8243; css_animation=&#8220;&#8220;][vc_column width=&#8220;1\/2&#8243;][vc_column_text]Cantieri Biasin bietet einen Service zur Einlagerung von Booten im historischen Zentrum von Venedig an.<br \/>\nIn den Sommermonaten sind wir vom 1. April bis zum letzten Sonntag im Oktober ge\u00f6ffnet.<br \/>\nSie finden die aktualisierten \u00d6ffnungszeiten der Werft auf der Webseite.<br \/>\nAu\u00dferhalb der \u00d6ffnungszeiten steht unseren Kunden ein kostenloser Anlegeplatz an der Kanalseite Madonna dell&#8217;Orto zur Verf\u00fcgung.<br \/>\nIn den Wintermonaten ist die Werft auf Anfrage des Kunden zug\u00e4nglich.<br \/>\nF\u00fcr Wartungsarbeiten an Booten und \/ oder Arbeiten an Motoren k\u00f6nnen wir Sie beraten und Ihnen einen geeigneten Handwerker vorschlagen. Die Rechnung wird bei dem jeweiligen Unternehmen beglichen.[\/vc_column_text][\/vc_column][vc_column width=&#8220;1\/2&#8243;][vc_single_image image=&#8220;81&#8243; img_size=&#8220;600&#215;350&#8243; alignment=&#8220;center&#8220; qode_css_animation=&#8220;&#8220;][\/vc_column][\/vc_row][vc_row row_type=&#8220;row&#8220; use_row_as_full_screen_section=&#8220;no&#8220; type=&#8220;grid&#8220; text_align=&#8220;left&#8220; background_color=&#8220;#eaeaea&#8220; background_animation=&#8220;none&#8220; padding_top=&#8220;40&#8243; padding_bottom=&#8220;40&#8243; css_animation=&#8220;&#8220;][vc_column][vc_gallery type=&#8220;image_grid&#8220; images=&#8220;83,82,73,71,80&#8243; img_size=&#8220;300&#215;200&#8243; onclick=&#8220;img_link_large&#8220; column_number=&#8220;5&#8243; grayscale=&#8220;no&#8220; space_between_images=&#8220;yes&#8220;][\/vc_column][\/vc_row]<\/p>\n","protected":false},"excerpt":{"rendered":"<p>[vc_row row_type=&#8220;row&#8220; use_row_as_full_screen_section=&#8220;no&#8220; type=&#8220;grid&#8220; text_align=&#8220;left&#8220; background_animation=&#8220;none&#8220; padding_top=&#8220;40&#8243; padding_bottom=&#8220;40&#8243; css_animation=&#8220;&#8220;][vc_column width=&#8220;1\/2&#8243;][vc_column_text]Cantieri Biasin bietet einen Service zur Einlagerung von Booten im historischen Zentrum von Venedig an. In den Sommermonaten sind wir vom 1. April bis zum letzten Sonntag im Oktober ge\u00f6ffnet. Sie finden die aktualisierten \u00d6ffnungszeiten der&#8230;<\/p>\n","protected":false},"author":1,"featured_media":0,"parent":0,"menu_order":0,"comment_status":"closed","ping_status":"closed","template":"full_width.php","meta":[],"aioseo_notices":[],"_links":{"self":[{"href":"https:\/\/www.cantieribiasin.it\/de\/wp-json\/wp\/v2\/pages\/197"}],"collection":[{"href":"https:\/\/www.cantieribiasin.it\/de\/wp-json\/wp\/v2\/pages"}],"about":[{"href":"https:\/\/www.cantieribiasin.it\/de\/wp-json\/wp\/v2\/types\/page"}],"author":[{"embeddable":true,"href":"https:\/\/www.cantieribiasin.it\/de\/wp-json\/wp\/v2\/users\/1"}],"replies":[{"embeddable":true,"href":"https:\/\/www.cantieribiasin.it\/de\/wp-json\/wp\/v2\/comments?post=197"}],"version-history":[{"count":1,"href":"https:\/\/www.cantieribiasin.it\/de\/wp-json\/wp\/v2\/pages\/197\/revisions"}],"predecessor-version":[{"id":198,"href":"https:\/\/www.cantieribiasin.it\/de\/wp-json\/wp\/v2\/pages\/197\/revisions\/198"}],"wp:attachment":[{"href":"https:\/\/www.cantieribiasin.it\/de\/wp-json\/wp\/v2\/media?parent=197"}],"curies":[{"name":"wp","href":"https:\/\/api.w.org\/{rel}","templated":true}]}}