{"id":195,"date":"2018-08-13T16:00:07","date_gmt":"2018-08-13T14:00:07","guid":{"rendered":"https:\/\/www.cantieribiasin.it\/entreposage\/"},"modified":"2018-08-13T16:00:07","modified_gmt":"2018-08-13T14:00:07","slug":"entreposage","status":"publish","type":"page","link":"https:\/\/www.cantieribiasin.it\/fr\/entreposage\/","title":{"rendered":"Entreposage"},"content":{"rendered":"<p>[vc_row row_type=\u00a0\u00bbrow\u00a0\u00bb use_row_as_full_screen_section=\u00a0\u00bbno\u00a0\u00bb type=\u00a0\u00bbgrid\u00a0\u00bb text_align=\u00a0\u00bbleft\u00a0\u00bb background_animation=\u00a0\u00bbnone\u00a0\u00bb padding_top=\u00a0\u00bb40&Prime; padding_bottom=\u00a0\u00bb40&Prime; css_animation=\u00a0\u00bb\u00a0\u00bb][vc_column width=\u00a0\u00bb1\/2&Prime;][vc_column_text]Cantieri Biasin offre un service d&rsquo;entreposage de bateaux dans le centre historique de Venise.<br \/>\nEn saison d&rsquo;\u00e9t\u00e9, nous sommes ouverts du 1er avril au dernier dimanche d&rsquo;octobre.<br \/>\nLe chantier suit un horaire mis \u00e0 jour et est affich\u00e9 sur le site.<br \/>\nLes clients qui souhaitent rester en dehors des horaires peuvent compter sur un amarrage gratuit du c\u00f4t\u00e9 du canal de la Madonna dell&rsquo;orto.<br \/>\nEn p\u00e9riode hivernale, le chantier est accessible sur demande du client.<br \/>\nPour les op\u00e9rations d&rsquo;entretien sur les bateaux et \/ ou de la m\u00e9canique sur les moteurs, nous pouvons vous conseiller si nous jugeons n\u00e9cessaire l&rsquo;artisan le plus adapt\u00e9. Le client doit r\u00e9gler les comptes avec la soci\u00e9t\u00e9.[\/vc_column_text][\/vc_column][vc_column width=\u00a0\u00bb1\/2&Prime;][vc_single_image image=\u00a0\u00bb81&Prime; img_size=\u00a0\u00bb600&#215;350&Prime; alignment=\u00a0\u00bbcenter\u00a0\u00bb qode_css_animation=\u00a0\u00bb\u00a0\u00bb][\/vc_column][\/vc_row][vc_row row_type=\u00a0\u00bbrow\u00a0\u00bb use_row_as_full_screen_section=\u00a0\u00bbno\u00a0\u00bb type=\u00a0\u00bbgrid\u00a0\u00bb text_align=\u00a0\u00bbleft\u00a0\u00bb background_color=\u00a0\u00bb#eaeaea\u00a0\u00bb background_animation=\u00a0\u00bbnone\u00a0\u00bb padding_top=\u00a0\u00bb40&Prime; padding_bottom=\u00a0\u00bb40&Prime; css_animation=\u00a0\u00bb\u00a0\u00bb][vc_column][vc_gallery type=\u00a0\u00bbimage_grid\u00a0\u00bb images=\u00a0\u00bb83,82,73,71,80&Prime; img_size=\u00a0\u00bb300&#215;200&Prime; onclick=\u00a0\u00bbimg_link_large\u00a0\u00bb column_number=\u00a0\u00bb5&Prime; grayscale=\u00a0\u00bbno\u00a0\u00bb space_between_images=\u00a0\u00bbyes\u00a0\u00bb][\/vc_column][\/vc_row]<\/p>\n","protected":false},"excerpt":{"rendered":"<p>[vc_row row_type=\u00a0\u00bbrow\u00a0\u00bb use_row_as_full_screen_section=\u00a0\u00bbno\u00a0\u00bb type=\u00a0\u00bbgrid\u00a0\u00bb text_align=\u00a0\u00bbleft\u00a0\u00bb background_animation=\u00a0\u00bbnone\u00a0\u00bb padding_top=\u00a0\u00bb40&Prime; padding_bottom=\u00a0\u00bb40&Prime; css_animation=\u00a0\u00bb\u00a0\u00bb][vc_column width=\u00a0\u00bb1\/2&Prime;][vc_column_text]Cantieri Biasin offre un service d&rsquo;entreposage de bateaux dans le centre historique de Venise. En saison d&rsquo;\u00e9t\u00e9, nous sommes ouverts du 1er avril au dernier dimanche d&rsquo;octobre. Le chantier suit un horaire mis \u00e0 jour et&#8230;<\/p>\n","protected":false},"author":1,"featured_media":0,"parent":0,"menu_order":0,"comment_status":"closed","ping_status":"closed","template":"full_width.php","meta":[],"aioseo_notices":[],"_links":{"self":[{"href":"https:\/\/www.cantieribiasin.it\/fr\/wp-json\/wp\/v2\/pages\/195"}],"collection":[{"href":"https:\/\/www.cantieribiasin.it\/fr\/wp-json\/wp\/v2\/pages"}],"about":[{"href":"https:\/\/www.cantieribiasin.it\/fr\/wp-json\/wp\/v2\/types\/page"}],"author":[{"embeddable":true,"href":"https:\/\/www.cantieribiasin.it\/fr\/wp-json\/wp\/v2\/users\/1"}],"replies":[{"embeddable":true,"href":"https:\/\/www.cantieribiasin.it\/fr\/wp-json\/wp\/v2\/comments?post=195"}],"version-history":[{"count":1,"href":"https:\/\/www.cantieribiasin.it\/fr\/wp-json\/wp\/v2\/pages\/195\/revisions"}],"predecessor-version":[{"id":196,"href":"https:\/\/www.cantieribiasin.it\/fr\/wp-json\/wp\/v2\/pages\/195\/revisions\/196"}],"wp:attachment":[{"href":"https:\/\/www.cantieribiasin.it\/fr\/wp-json\/wp\/v2\/media?parent=195"}],"curies":[{"name":"wp","href":"https:\/\/api.w.org\/{rel}","templated":true}]}}